{"id":3119,"date":"2018-09-11T09:38:29","date_gmt":"2018-09-11T09:38:29","guid":{"rendered":"https:\/\/arvengengineering.com\/aviso-legal"},"modified":"2024-02-15T22:24:54","modified_gmt":"2024-02-15T22:24:54","slug":"aviso-legal","status":"publish","type":"page","link":"https:\/\/arvengengineering.com\/en\/aviso-legal","title":{"rendered":"Legal Notice"},"content":{"rendered":"<div class=\"wpb-content-wrapper\"><p>[vc_row css=&#8221;.vc_custom_1536659427159{margin-top: 25px !important;}&#8221;][vc_column width=&#8221;1\/6&#8243;][\/vc_column][vc_column width=&#8221;2\/3&#8243;][vc_column_text]<\/p>\n<h4><strong>AVISO LEGAL<\/strong><\/h4>\n<h4>1. DATOS IDENTIFICATIVOS<\/h4>\n<h6>En cumplimiento con el deber de informaci\u00f3n recogido en art\u00edculo 10 de la Ley 34\/2002, de 11 de julio, de Servicios de la Sociedad de la Informaci\u00f3n y del Comercio Electr\u00f3nico, a continuaci\u00f3n se reflejan los siguientes datos: la empresa titular de dominio web es ARVENG TRAINING &amp; ENGINEERING S.L. (en adelante ARVENG), con domicilio a estos efectos en Avenida de Manoteras 10, Edificio B, Oficina 111 (28050) Madrid Espa\u00f1a, n\u00famero de C.I.F.: b-87794293. Correo electr\u00f3nico de contacto: <a>info@arvenggroup.com<\/a>.<\/h6>\n<h4>2. USUARIOS<\/h4>\n<h6>El acceso y\/o uso de este portal de ARVENG atribuye la condici\u00f3n de USUARIO, que acepta, desde dicho acceso y\/o uso, las Condiciones Generales de Uso aqu\u00ed reflejadas. Las citadas Condiciones ser\u00e1n de aplicaci\u00f3n independientemente de las Condiciones Generales de Contrataci\u00f3n que en su caso resulten de obligado cumplimiento.<\/h6>\n<h4>3. USO DEL PORTAL<\/h4>\n<h6><a href=\"http:\/\/www.arvengengineering.com\/\">WWW.ARVENGENGINEERING.COM<\/a>proporciona el acceso a multitud de informaciones, servicios, programas o datos (en adelante, \u201clos contenidos\u201d) en Internet pertenecientes a ARVENG o a sus licenciantes a los que el USUARIO pueda tener acceso. El USUARIO asume la responsabilidad del uso del portal. Dicha responsabilidad se extiende al registro que fuese necesario para acceder a determinados servicios o contenidos. En dicho registro el USUARIO ser\u00e1 responsable de aportar informaci\u00f3n veraz y l\u00edcita. Como consecuencia de este registro, al USUARIO se le puede proporcionar una contrase\u00f1a de la que ser\u00e1 responsable, comprometi\u00e9ndose a hacer un uso diligente y confidencial de la misma. El USUARIO se compromete a hacer un uso adecuado de los contenidos y servicios (como por ejemplo servicios de chat, foros de discusi\u00f3n o grupos de noticias) que Nombre de la empresa creadora del sitio web ofrece a trav\u00e9s de su portal y con car\u00e1cter enunciativo pero no limitativo, a no emplearlos para (i) incurrir en actividades il\u00edcitas, ilegales o contrarias a la buena fe y al orden p\u00fablico; (ii) difundir contenidos o propaganda de car\u00e1cter racista, xen\u00f3fobo, pornogr\u00e1fico-ilegal, de apolog\u00eda del terrorismo o atentatorio contra los derechos humanos; (iii) provocar da\u00f1os en los sistemas f\u00edsicos y l\u00f3gicos de Nombre de la empresa creadora del sitio web , de sus proveedores o de terceras personas, introducir o difundir en la red virus inform\u00e1ticos o cualesquiera otros sistemas f\u00edsicos o l\u00f3gicos que sean susceptibles de provocar los da\u00f1os anteriormente mencionados; (iv) intentar acceder y, en su caso, utilizar las cuentas de correo electr\u00f3nico de otros usuarios y modificarlo manipular sus mensajes. Nombre de la empresa creadora del sitio web se reserva el derecho de retirar todos aquellos comentarios y aportaciones que vulneren el respeto a la dignidad de la persona, que sean discriminatorios, xen\u00f3fobos, racistas, pornogr\u00e1ficos, que atenten contra la juventud o la infancia, el orden o la seguridad p\u00fablica o que, a su juicio, no resultaran adecuados para su publicaci\u00f3n. En cualquier caso, ARVENG no ser\u00e1 responsable de las opiniones vertidas por los usuarios a trav\u00e9s de los foros, chats, u otras herramientas de participaci\u00f3n.<\/h6>\n<h4>4. PROTECCI\u00d3N DE DATOS<\/h4>\n<h6>ARVENG cumple con las directrices de la Ley Org\u00e1nica 15\/1999 de 13 de diciembre de Protecci\u00f3n de Datos de Car\u00e1cter Personal, el Real Decreto 1720\/2007 de 21 de diciembre por el que se aprueba el Reglamento de desarrollo de la Ley Org\u00e1nica y dem\u00e1s normativa vigente en cada momento, y vela por garantizar un correcto uso y tratamiento de los datos personales del usuario. Para ello, junto a cada formulario de recabo de datos de car\u00e1cter personal, en los servicios que el usuario pueda solicitar a info@arvenggroup.com, har\u00e1 saber al usuario de la existencia y aceptaci\u00f3n de las condiciones particulares del tratamiento de sus datos en cada caso, inform\u00e1ndole de la responsabilidad del fichero creado, la direcci\u00f3n del responsable, la posibilidad de ejercer sus derechos de acceso, rectificaci\u00f3n, cancelaci\u00f3n u oposici\u00f3n, la finalidad del tratamiento y las comunicaciones de datos a terceros en su caso.<\/h6>\n<h6>Asimismo, ARVENG informa que da cumplimiento a la Ley 34\/2002 de 11 de julio, de Servicios de la Sociedad de la Informaci\u00f3n y el Comercio Electr\u00f3nico y le solicitar\u00e1 su consentimiento al tratamiento de su correo electr\u00f3nico con fines comerciales en cada momento.<\/h6>\n<h4>5. PROPIEDAD INTELECTUAL E INDUSTRIAL<\/h4>\n<h6>ARVENG por s\u00ed o como cesionaria, es titular de todos los derechos de propiedad intelectual e industrial de su p\u00e1gina web, as\u00ed como de los elementos contenidos en la misma (a t\u00edtulo enunciativo, im\u00e1genes, sonido, audio, v\u00eddeo, software o textos; marcas o logotipos, combinaciones de colores, estructura y dise\u00f1o, selecci\u00f3n de materiales usados, programas de ordenador necesarios para su funcionamiento, acceso y uso, etc.), titularidad de ARVENG o bien de sus licenciantes.<\/h6>\n<h6>Todos los derechos reservados. En virtud de lo dispuesto en los art\u00edculos 8 y 32.1, p\u00e1rrafo segundo, de la Ley de Propiedad Intelectual, quedan expresamente prohibidas la reproducci\u00f3n, la distribuci\u00f3n y la comunicaci\u00f3n p\u00fablica, incluida su modalidad de puesta a disposici\u00f3n, de la totalidad o parte de los contenidos de esta p\u00e1gina web, con fines comerciales, en cualquier soporte y por cualquier medio t\u00e9cnico, sin la autorizaci\u00f3n de ARVENG. El USUARIO se compromete a respetar los derechos de Propiedad Intelectual e Industrial titularidad de ARVENG. Podr\u00e1 visualizar los elementos del portal e incluso imprimirlos, copiarlos y almacenarlos en el disco duro de su ordenador o en cualquier otro soporte f\u00edsico siempre y cuando sea, \u00fanica y exclusivamente, para su uso personal y privado. El USUARIO deber\u00e1 abstenerse de suprimir, alterar, eludir o manipular cualquier dispositivo de protecci\u00f3n o sistema de seguridad que estuviera instalado en el las p\u00e1ginas de ARVENG.<\/h6>\n<h4>6. EXCLUSI\u00d3N DE GARANT\u00cdAS Y RESPONSABILIDAD<\/h4>\n<h6>ARVENG no se hace responsable, en ning\u00fan caso, de los da\u00f1os y perjuicios de cualquier naturaleza que pudieran ocasionar, a t\u00edtulo enunciativo: errores u omisiones en los contenidos, falta de disponibilidad del portal o la transmisi\u00f3n de virus o programas maliciosos o lesivos en los contenidos, a pesar de haber adoptado todas las medidas tecnol\u00f3gicas necesarias para evitarlo.<\/h6>\n<h4>7. MODIFICACIONES<\/h4>\n<h6>ARVENG se reserva el derecho de efectuar sin previo aviso las modificaciones que considere oportunas en su portal, pudiendo cambiar, suprimir o a\u00f1adir tanto los contenidos y servicios que se presten a trav\u00e9s de la misma como la forma en la que \u00e9stos aparezcan presentados o localizados en su portal.<\/h6>\n<h4>8. ENLACES<\/h4>\n<h6>En el caso de que en <a href=\"http:\/\/www.arvengengineering.com\/\">WWW.ARVENGENGINEERING.COM<\/a> se dispusiesen enlaces o hiperv\u00ednculos hac\u00eda otros sitios de Internet, ARVENG no ejercer\u00e1 ning\u00fan tipo de control sobre dichos sitios y contenidos. En ning\u00fan caso ARVENG asumir\u00e1 responsabilidad alguna por los contenidos de alg\u00fan enlace perteneciente a un sitio web ajeno, ni garantizar\u00e1 la disponibilidad t\u00e9cnica, calidad, fiabilidad, exactitud, amplitud, veracidad, validez y constitucionalidad de cualquier material o informaci\u00f3n contenida en ninguno de dichos hiperv\u00ednculos u otros sitios de Internet.<\/h6>\n<h6>Igualmente la inclusi\u00f3n de estas conexiones externas no implicar\u00e1 ning\u00fan tipo de asociaci\u00f3n, fusi\u00f3n o participaci\u00f3n con las entidades conectadas.<\/h6>\n<h4>9. DERECHO DE EXCLUSI\u00d3N<\/h4>\n<h6>ARVENG se reserva el derecho a denegar o retirar el acceso a portal y\/o los servicios ofrecidos sin necesidad de preaviso, a instancia propia o de un tercero, a aquellos usuarios que incumplan las presentes Condiciones Generales de Uso.<\/h6>\n<h4>\u00a010. LEGISLACI\u00d3N APLICABLE Y JURISDICCI\u00d3N<\/h4>\n<h6>La relaci\u00f3n entre ARVENG y el USUARIO se regir\u00e1 por la normativa espa\u00f1ola vigente y cualquier controversia se someter\u00e1 a los Juzgados y tribunales de la ciudad de Madrid, Espa\u00f1a.<\/h6>\n<h4>TERMINOS Y CONDICIONES DE LA VENTA ONLINE<\/h4>\n<h6>Las presentes condiciones generales de venta constituyen un \u00fanico documento contractual y contienen la totalidad de las relaciones contractuales entre las partes.<\/h6>\n<h4>1. OBJETIVO<\/h4>\n<h6>El objeto de la relaci\u00f3n contractual entre Arveng Training &amp; Engineering S.L. (en adelante ARVENG) y el cliente-USUARIO (en adelante el USUARIO) ser\u00e1 la compra y venta de cursos online ofertados en el Sitio Web. Las caracter\u00edsticas de los productos ofertados son las que figuran en esta p\u00e1gina web.<\/h6>\n<h4>2. SOBRE LA DISPONIBILIDAD DE LOS CURSOS Y SU CONTENIDO<\/h4>\n<h6>Los cursos se ofrecen siempre que est\u00e9n disponibles. Si un curso no est\u00e1 disponible, o no puede dar comienzo en la fecha prevista, los usuarios del sitio web ser\u00e1n informados de ello lo antes posible. Si no hay plazas en un determinado grupo de clases, se ofrecer\u00e1 la oportunidad de apuntarse en lista de espera por si se producen vacantes. Asimismo, podr\u00e1 reservarse la plaza para la siguiente convocatoria disponible.<\/h6>\n<h4>3. NULIDAD PARCIAL<\/h4>\n<h6>Si una o varias de las disposiciones de las presentes condiciones generales de venta fuesen declaradas nulas o inv\u00e1lidas en virtud de una ley, de un reglamento o de una decisi\u00f3n firme de un \u00f3rgano judicial, las dem\u00e1s disposiciones seguir\u00e1n manteniendo plena vigencia y efectos jur\u00eddicos.<\/h6>\n<h4>4. PRECIO DE PAGO<\/h4>\n<h6>Los precios de los cursos se indican en euros. No incluyen los impuestos aplicables al d\u00eda del pedido, especialmente IVA. El precio facturado al comprador es el indicado en la confirmaci\u00f3n de pago que figura en la web, al finalizar el proceso de matr\u00edcula.<\/h6>\n<h4>5. MODIFICACIONES EN EL PRECIO<\/h4>\n<h6>ARVENG se reserva el derecho, que el usuario acepta, de modificar sus precios en cualquier momento, pero los cursos se facturar\u00e1n a partir de las tarifas en vigor en el momento del registro de la matr\u00edcula.<\/h6>\n<h4>6. INSCRIPCI\u00d3N EN UN CURSO<\/h4>\n<h6>Luego de la inscripci\u00f3n en el curso efectuando el correspondiente pago, y luego de la recepci\u00f3n del mismo por parte de ARVENG, el USUARIO recibir\u00e1 un email de confirmaci\u00f3n con todos los detalles para el comienzo del curso.<\/h6>\n<h4>7. INCIDENCIAS EN EL INICIO DE LOS CURSOS<\/h4>\n<h6>En caso de que se produzca alguna incidencia o retraso en el comienzo de los cursos, ARVENG se compromete a hacer las gestiones necesarias para agilizar dicho comienzo.<\/h6>\n<h6>En caso de una incidencia o retraso en el comienzo de un curso, USUARIO tiene derecho a solicitar la devoluci\u00f3n del importe abonado, en cuyo caso ARVENG proceder\u00e1 a dicha devoluci\u00f3n. En este caso, ARVENG devolver\u00e1, exclusivamente, el importe que el USUARIO abon\u00f3 para la compra de su curso, sin existir ninguna obligaci\u00f3n por parte de ARVENG de cubrir ning\u00fan tipo de gasto en la que se pudiera haber incurrido en dicha operaci\u00f3n.<\/h6>\n<h6>Asimismo, el USUARIO tiene derecho a solicitar la devoluci\u00f3n del importe abonado en caso de fuerza mayor, seg\u00fan lo que se detalla a continuaci\u00f3n: intervenci\u00f3n del gobierno, actividad militar, huelgas o cualquier otra circunstancia que haga la impartici\u00f3n del curso por parte de ARVENG imposible o no recomendable, el USUARIO tiene derecho a la<\/h6>\n<h4>8. DERECHO DE REVOCACI\u00d3N Y DESISTIMIENTO<\/h4>\n<h6>El art\u00edculo 103 de la Ley 3\/2014, de 27 de marzo, por la que se modifica el texto refundido de la Ley General para la Defensa de los Consumidores y Usuarios y otras leyes, establece que\u00a0se except\u00faan del derecho de desistimiento los contratos que se refieran a:<\/h6>\n<h6>\u201c(apartado m)) El suministro de contenido digital que no se preste en un soporte material cuando la ejecuci\u00f3n haya comenzado con el previo consentimiento expreso del consumidor y usuario con el conocimiento por su parte de que en consecuencia\u00a0pierde su derecho de desistimiento.\u201d<\/h6>\n<h6>Por ello, mediante el presente documento, le informamos que en cumplimiento de la citada normativa, la adquisici\u00f3n realizada est\u00e1 excluida del derecho de desistimiento desde el mismo momento en que usted acceda al campus virtual en calidad de USUARIO, con las claves aportadas por ARVENG para tal fin.<\/h6>\n<h6>No obstante lo anterior, ARVENG le ofrece la posibilidad de realizar cualquier cambio del producto adquirido por otro de igual o inferior valor, dentro de los siguientes 30 d\u00edas posteriores a la fecha de formalizaci\u00f3n de la matr\u00edcula, la cual ser\u00e1 entendida como la fecha efectiva de pago o de su compromiso de realizaci\u00f3n del mismo.<\/h6>\n<h4>9. COMPROMISOS DEL USUARIO<\/h4>\n<h6>El \u00a0USUARIO declara tener los suficientes conocimientos inform\u00e1ticos que le permitan seguir la metodolog\u00eda del presente programa y poder desarrollarlo con plenas garant\u00edas de adquirir los conocimientos necesarios para la obtenci\u00f3n del t\u00edtulo correspondiente.<\/h6>\n<h6>El USUARIO no podr\u00e1 utilizar con fines distintos a los de su propia formaci\u00f3n la documentaci\u00f3n, notas t\u00e9cnicas, casos pr\u00e1cticos, actividades, etc., que ARVENG le pueda facilitar, salvo autorizaci\u00f3n escrita de la misma.<\/h6>\n<h6>El USUARIO no est\u00e1 autorizado a distribuir, transmitir, copiar, mostrar, ejecutar, reproducir, conceder licencias, usar el material como base para otros trabajos, transferir o vender de ninguna forma ning\u00fan tipo de informaci\u00f3n, documentos, documentaci\u00f3n, im\u00e1genes, c\u00f3digo de programaci\u00f3n, logotipos, marcas, productos ni servicios obtenidos de ARVENG.<\/h6>\n<h6>El acceso al Campus Virtual se realizar\u00e1 mediante un nombre de usuario y una clave personal de acceso o Password. Dicha clave es personal e intransferible. En caso de p\u00e9rdida o robo de la clave de acceso el usuario deber\u00e1 comunicarlo inmediatamente a ARVENG, en caso contrario el USUARIO ser\u00e1 responsable de las modificaciones y utilizaciones aplicables a su cuenta hasta ese momento.<\/h6>\n<h4>10. COMPROMISOS DE ARVENG<\/h4>\n<h6>ARVENG se compromete a reservar la plaza al USUARIO en el momento en que se cumplimente matr\u00edcula y haga efectivo el pago en la forma descrita en \u201cFormas de Pago\u201d, una vez que dicho USUARIO sea admitido.<\/h6>\n<h6>ARVENG se compromete a facilitar los contenidos pedag\u00f3gicos, profesorado y el soporte online necesarios para el completo desarrollo del Curso en el que se ha matriculado, de acuerdo a la modalidad de estudio elegida.<\/h6>\n<h6>ARVENG se compromete a expedir y entregar al USUARIO, una vez finalizado el curso con aprovechamiento y completados todos los pagos del mismo, un Diploma o documento acreditativo de los estudios cursados.\u00a0Dicho certificado se enviar\u00e1 en formato digital.<\/h6>\n<h4>11. CAUSAS DE EXPULSI\u00d3N<\/h4>\n<h6>ARVENG tiene derecho a suspender el acceso del usuario a las ofertas y servicios debido a la infracci\u00f3n de las condiciones de uso o bajo la sospecha bien fundada de tal infracci\u00f3n sin otra indicaci\u00f3n o motivos.<\/h6>\n<h6>La expulsi\u00f3n implica la p\u00e9rdida de sus derechos sobre el curso, de obtenci\u00f3n del t\u00edtulo o diploma acreditativo de la realizaci\u00f3n del programa respectivo, as\u00ed como la no devoluci\u00f3n del importe de la matr\u00edcula. Esta misma condici\u00f3n se dar\u00e1 en el caso de renuncia por su parte una vez comenzado el curso.<\/h6>\n<p>[\/vc_column_text][\/vc_column][vc_column width=&#8221;1\/6&#8243;][\/vc_column][\/vc_row]<\/p>\n<\/div>","protected":false},"excerpt":{"rendered":"<p>[vc_row css=&#8221;.vc_custom_1536659427159{margin-top: 25px !important;}&#8221;][vc_column width=&#8221;1\/6&#8243;][\/vc_column][vc_column width=&#8221;2\/3&#8243;][vc_column_text] AVISO LEGAL 1. DATOS IDENTIFICATIVOS En cumplimiento con el deber de informaci\u00f3n recogido en art\u00edculo 10 de la Ley 34\/2002, de 11 de julio,&hellip;<\/p>\n","protected":false},"author":1,"featured_media":0,"parent":0,"menu_order":0,"comment_status":"closed","ping_status":"closed","template":"template-fullwidth.php","meta":{"footnotes":""},"class_list":["post-3119","page","type-page","status-publish","hentry","no-thumb"],"yoast_head":"<!-- This site is optimized with the Yoast SEO plugin v27.2 - https:\/\/yoast.com\/product\/yoast-seo-wordpress\/ -->\n<title>Legal Notice - Arveng Engineering<\/title>\n<meta name=\"robots\" content=\"index, follow, max-snippet:-1, max-image-preview:large, max-video-preview:-1\" \/>\n<link rel=\"canonical\" href=\"https:\/\/arvengengineering.com\/en\/aviso-legal\" \/>\n<meta property=\"og:locale\" content=\"en_US\" \/>\n<meta property=\"og:type\" content=\"article\" \/>\n<meta property=\"og:title\" content=\"Legal Notice - Arveng Engineering\" \/>\n<meta property=\"og:description\" content=\"[vc_row css=&#8221;.vc_custom_1536659427159{margin-top: 25px !important;}&#8221;][vc_column width=&#8221;1\/6&#8243;][\/vc_column][vc_column width=&#8221;2\/3&#8243;][vc_column_text] AVISO LEGAL 1. DATOS IDENTIFICATIVOS En cumplimiento con el deber de informaci\u00f3n recogido en art\u00edculo 10 de la Ley 34\/2002, de 11 de julio,&hellip;\" \/>\n<meta property=\"og:url\" content=\"https:\/\/arvengengineering.com\/en\/aviso-legal\" \/>\n<meta property=\"og:site_name\" content=\"Arveng Engineering\" \/>\n<meta property=\"article:modified_time\" content=\"2024-02-15T22:24:54+00:00\" \/>\n<meta name=\"twitter:card\" content=\"summary_large_image\" \/>\n<meta name=\"twitter:label1\" content=\"Est. reading time\" \/>\n\t<meta name=\"twitter:data1\" content=\"11 minutes\" \/>\n<script type=\"application\/ld+json\" class=\"yoast-schema-graph\">{\"@context\":\"https:\/\/schema.org\",\"@graph\":[{\"@type\":\"WebPage\",\"@id\":\"https:\/\/arvengengineering.com\/en\/aviso-legal\",\"url\":\"https:\/\/arvengengineering.com\/en\/aviso-legal\",\"name\":\"Legal Notice - Arveng Engineering\",\"isPartOf\":{\"@id\":\"https:\/\/arvengengineering.com\/#website\"},\"datePublished\":\"2018-09-11T09:38:29+00:00\",\"dateModified\":\"2024-02-15T22:24:54+00:00\",\"breadcrumb\":{\"@id\":\"https:\/\/arvengengineering.com\/en\/aviso-legal#breadcrumb\"},\"inLanguage\":\"en-US\",\"potentialAction\":[{\"@type\":\"ReadAction\",\"target\":[\"https:\/\/arvengengineering.com\/en\/aviso-legal\"]}]},{\"@type\":\"BreadcrumbList\",\"@id\":\"https:\/\/arvengengineering.com\/en\/aviso-legal#breadcrumb\",\"itemListElement\":[{\"@type\":\"ListItem\",\"position\":1,\"name\":\"Portada\",\"item\":\"https:\/\/arvengengineering.com\/en\"},{\"@type\":\"ListItem\",\"position\":2,\"name\":\"Legal Notice\"}]},{\"@type\":\"WebSite\",\"@id\":\"https:\/\/arvengengineering.com\/#website\",\"url\":\"https:\/\/arvengengineering.com\/\",\"name\":\"Arveng Engineering\",\"description\":\"Arveng Training &amp; Engineering SL es una empresa dedicada a la Formaci\u00f3n y a la Ingenier\u00eda con base en Madrid, Espa\u00f1a, integrada por profesionales  motivados, con altos niveles de capacitaci\u00f3n y m\u00e1s de veinte a\u00f1os de experiencia.\",\"potentialAction\":[{\"@type\":\"SearchAction\",\"target\":{\"@type\":\"EntryPoint\",\"urlTemplate\":\"https:\/\/arvengengineering.com\/?s={search_term_string}\"},\"query-input\":{\"@type\":\"PropertyValueSpecification\",\"valueRequired\":true,\"valueName\":\"search_term_string\"}}],\"inLanguage\":\"en-US\"}]}<\/script>\n<!-- \/ Yoast SEO plugin. -->","yoast_head_json":{"title":"Legal Notice - Arveng Engineering","robots":{"index":"index","follow":"follow","max-snippet":"max-snippet:-1","max-image-preview":"max-image-preview:large","max-video-preview":"max-video-preview:-1"},"canonical":"https:\/\/arvengengineering.com\/en\/aviso-legal","og_locale":"en_US","og_type":"article","og_title":"Legal Notice - Arveng Engineering","og_description":"[vc_row css=&#8221;.vc_custom_1536659427159{margin-top: 25px !important;}&#8221;][vc_column width=&#8221;1\/6&#8243;][\/vc_column][vc_column width=&#8221;2\/3&#8243;][vc_column_text] AVISO LEGAL 1. DATOS IDENTIFICATIVOS En cumplimiento con el deber de informaci\u00f3n recogido en art\u00edculo 10 de la Ley 34\/2002, de 11 de julio,&hellip;","og_url":"https:\/\/arvengengineering.com\/en\/aviso-legal","og_site_name":"Arveng Engineering","article_modified_time":"2024-02-15T22:24:54+00:00","twitter_card":"summary_large_image","twitter_misc":{"Est. reading time":"11 minutes"},"schema":{"@context":"https:\/\/schema.org","@graph":[{"@type":"WebPage","@id":"https:\/\/arvengengineering.com\/en\/aviso-legal","url":"https:\/\/arvengengineering.com\/en\/aviso-legal","name":"Legal Notice - Arveng Engineering","isPartOf":{"@id":"https:\/\/arvengengineering.com\/#website"},"datePublished":"2018-09-11T09:38:29+00:00","dateModified":"2024-02-15T22:24:54+00:00","breadcrumb":{"@id":"https:\/\/arvengengineering.com\/en\/aviso-legal#breadcrumb"},"inLanguage":"en-US","potentialAction":[{"@type":"ReadAction","target":["https:\/\/arvengengineering.com\/en\/aviso-legal"]}]},{"@type":"BreadcrumbList","@id":"https:\/\/arvengengineering.com\/en\/aviso-legal#breadcrumb","itemListElement":[{"@type":"ListItem","position":1,"name":"Portada","item":"https:\/\/arvengengineering.com\/en"},{"@type":"ListItem","position":2,"name":"Legal Notice"}]},{"@type":"WebSite","@id":"https:\/\/arvengengineering.com\/#website","url":"https:\/\/arvengengineering.com\/","name":"Arveng Engineering","description":"Arveng Training &amp; Engineering SL es una empresa dedicada a la Formaci\u00f3n y a la Ingenier\u00eda con base en Madrid, Espa\u00f1a, integrada por profesionales  motivados, con altos niveles de capacitaci\u00f3n y m\u00e1s de veinte a\u00f1os de experiencia.","potentialAction":[{"@type":"SearchAction","target":{"@type":"EntryPoint","urlTemplate":"https:\/\/arvengengineering.com\/?s={search_term_string}"},"query-input":{"@type":"PropertyValueSpecification","valueRequired":true,"valueName":"search_term_string"}}],"inLanguage":"en-US"}]}},"_links":{"self":[{"href":"https:\/\/arvengengineering.com\/en\/wp-json\/wp\/v2\/pages\/3119","targetHints":{"allow":["GET"]}}],"collection":[{"href":"https:\/\/arvengengineering.com\/en\/wp-json\/wp\/v2\/pages"}],"about":[{"href":"https:\/\/arvengengineering.com\/en\/wp-json\/wp\/v2\/types\/page"}],"author":[{"embeddable":true,"href":"https:\/\/arvengengineering.com\/en\/wp-json\/wp\/v2\/users\/1"}],"replies":[{"embeddable":true,"href":"https:\/\/arvengengineering.com\/en\/wp-json\/wp\/v2\/comments?post=3119"}],"version-history":[{"count":0,"href":"https:\/\/arvengengineering.com\/en\/wp-json\/wp\/v2\/pages\/3119\/revisions"}],"wp:attachment":[{"href":"https:\/\/arvengengineering.com\/en\/wp-json\/wp\/v2\/media?parent=3119"}],"curies":[{"name":"wp","href":"https:\/\/api.w.org\/{rel}","templated":true}]}}