{"id":3109,"date":"2016-10-15T09:38:33","date_gmt":"2016-10-15T09:38:33","guid":{"rendered":"https:\/\/arvengengineering.com\/contact"},"modified":"2026-03-23T11:49:26","modified_gmt":"2026-03-23T11:49:26","slug":"contact","status":"publish","type":"page","link":"https:\/\/arvengengineering.com\/en\/contact","title":{"rendered":"Contact"},"content":{"rendered":"<div class=\"wpb-content-wrapper\"><p>[vc_row full_width=&#8221;stretch_row_content&#8221; css=&#8221;.vc_custom_1537825225309{padding-top: 75px !important;padding-right: 15% !important;padding-bottom: 50px !important;padding-left: 15% !important;}&#8221;][vc_column width=&#8221;1\/2&#8243; offset=&#8221;vc_hidden-xs&#8221;]<div class=\"fp-section-title clearfix  \">\r\n                <h2>Contact...<\/h2>\r\n                \r\n            <\/div>[vc_row_inner css=&#8221;.vc_custom_1476672159379{margin-right: 50px !important;border-right-width: 1px !important;border-right-color: #f7f7f7 !important;border-right-style: solid !important;}&#8221;][vc_column_inner css=&#8221;.vc_custom_1476672407545{border-bottom-width: 1px !important;}&#8221;]<div class=\"fp-icon-box-5 icon-center dark-version \">\r\n\t\t\t\t <span class=\"fp-icon\"><i class=\"factory-technology\"><\/i><\/span>\r\n                 <h4>Do you have any questions?<\/h4>\r\n                <div class=\"sub-title\"><\/div>\r\n                <div class=\"desc\"><p>T: +34\u00a0913 408 851<br \/>\nM: +34 649 418 870<\/p>\n<\/div>\r\n            <\/div>[\/vc_column_inner][\/vc_row_inner][vc_row_inner css=&#8221;.vc_custom_1478256534654{margin-right: 50px !important;border-right-width: 1px !important;border-right-color: #f7f7f7 !important;border-right-style: solid !important;}&#8221;][vc_column_inner]<div class=\"fp-icon-box-5 icon-center dark-version \">\r\n\t\t\t\t <span class=\"fp-icon\"><i class=\"factory-travel\"><\/i><\/span>\r\n                 <h4>Visit our Offices in<\/h4>\r\n                <div class=\"sub-title\"><\/div>\r\n                <div class=\"desc\"><p>Av. de Manoteras 10, Bld B,<br \/>\nOffice 111.\u00a0Madrid (28050),<br \/>\nSpain.<\/p>\n<\/div>\r\n            <\/div>[\/vc_column_inner][\/vc_row_inner][vc_row_inner css=&#8221;.vc_custom_1478256539742{margin-right: 50px !important;border-right-width: 1px !important;border-right-color: #f7f7f7 !important;border-right-style: solid !important;}&#8221;][vc_column_inner]<div class=\"fp-icon-box-5 icon-center dark-version \">\r\n\t\t\t\t <span class=\"fp-icon\"><i class=\"factory-business\"><\/i><\/span>\r\n                 <h4>Send us a note<\/h4>\r\n                <div class=\"sub-title\"><\/div>\r\n                <div class=\"desc\"><p>info@arvengengineering.com<\/p>\n<\/div>\r\n            <\/div>[\/vc_column_inner][\/vc_row_inner][vc_row_inner css=&#8221;.vc_custom_1478256545206{margin-right: 50px !important;border-right-width: 1px !important;border-right-color: #f7f7f7 !important;border-right-style: solid !important;}&#8221;][vc_column_inner]<div class=\"fp-icon-box-5 icon-center dark-version \">\r\n\t\t\t\t <span class=\"fp-icon\"><i class=\"factory-wall-clock\"><\/i><\/span>\r\n                 <h4>Our schedule<\/h4>\r\n                <div class=\"sub-title\"><\/div>\r\n                <div class=\"desc\"><p>Monday &#8211; Friday: From 07:00 to 15:30h.<\/p>\n<\/div>\r\n            <\/div>[\/vc_column_inner][\/vc_row_inner][\/vc_column][vc_column width=&#8221;1\/2&#8243; el_class=&#8221;top-spacing&#8221; offset=&#8221;vc_hidden-xs&#8221;]<div class=\"fp-section-title clearfix  \">\r\n                <h2>Form...<\/h2>\r\n                \r\n            <\/div>\n<div class=\"wpcf7 no-js\" id=\"wpcf7-f2675-o1\" lang=\"en-US\" dir=\"ltr\" data-wpcf7-id=\"2675\">\n<div class=\"screen-reader-response\"><p role=\"status\" aria-live=\"polite\" aria-atomic=\"true\"><\/p> <ul><\/ul><\/div>\n<form action=\"\/en\/wp-json\/wp\/v2\/pages\/3109#wpcf7-f2675-o1\" method=\"post\" class=\"wpcf7-form init 9f922ef4f237 cmatic-conn cmatic-aud-1 cmatic-mapd0-0 cmatic-v0976 cmatic-sent-0 cmatic-total-0\" aria-label=\"Contact form\" novalidate=\"novalidate\" data-status=\"init\">\n<fieldset class=\"hidden-fields-container\"><input type=\"hidden\" name=\"_wpcf7\" value=\"2675\" \/><input type=\"hidden\" name=\"_wpcf7_version\" value=\"6.1.5\" \/><input type=\"hidden\" name=\"_wpcf7_locale\" value=\"en_US\" \/><input type=\"hidden\" name=\"_wpcf7_unit_tag\" value=\"wpcf7-f2675-o1\" \/><input type=\"hidden\" name=\"_wpcf7_container_post\" value=\"0\" \/><input type=\"hidden\" name=\"_wpcf7_posted_data_hash\" value=\"\" \/><input type=\"hidden\" name=\"_wpcf7dtx_version\" value=\"5.0.5\" \/><input type=\"hidden\" name=\"_wpcf7_recaptcha_response\" value=\"\" \/>\n<\/fieldset>\n<div class=\"form-group\">\n\t<p><span class=\"wpcf7-form-control-wrap\" data-name=\"NOMBRE\"><input size=\"40\" maxlength=\"400\" class=\"wpcf7-form-control wpcf7-text wpcf7-validates-as-required form-control\" aria-required=\"true\" aria-invalid=\"false\" placeholder=\"Name\" value=\"\" type=\"text\" name=\"NOMBRE\" \/><\/span>\n\t<\/p>\n\t<p><span class=\"wpcf7-form-control-wrap\" data-name=\"APELLIDOS\"><input size=\"40\" maxlength=\"400\" class=\"wpcf7-form-control wpcf7-text wpcf7-validates-as-required form-control\" aria-required=\"true\" aria-invalid=\"false\" placeholder=\"Surname\" value=\"\" type=\"text\" name=\"APELLIDOS\" \/><\/span>\n\t<\/p>\n\t<p><span class=\"wpcf7-form-control-wrap\" data-name=\"your-email\"><input size=\"40\" maxlength=\"400\" class=\"wpcf7-form-control wpcf7-email wpcf7-validates-as-required wpcf7-text wpcf7-validates-as-email form-control\" aria-required=\"true\" aria-invalid=\"false\" placeholder=\"Email\" value=\"\" type=\"email\" name=\"your-email\" \/><\/span>\n\t<\/p>\n\t<p><span class=\"wpcf7-form-control-wrap\" data-name=\"TEL\"><input size=\"40\" maxlength=\"400\" class=\"wpcf7-form-control wpcf7-tel wpcf7-validates-as-required wpcf7-text wpcf7-validates-as-tel form-control\" aria-required=\"true\" aria-invalid=\"false\" placeholder=\"Phone\" value=\"\" type=\"tel\" name=\"TEL\" \/><\/span>\n\t<\/p>\n\t<p><span class=\"wpcf7-form-control-wrap\" data-name=\"CIUDAD\"><input size=\"40\" maxlength=\"400\" class=\"wpcf7-form-control wpcf7-text wpcf7-validates-as-required form-control\" aria-required=\"true\" aria-invalid=\"false\" placeholder=\"City\" value=\"\" type=\"text\" name=\"CIUDAD\" \/><\/span>\n\t<\/p>\n\t<p><span class=\"wpcf7-form-control-wrap\" data-name=\"PAIS\"><input size=\"40\" maxlength=\"400\" class=\"wpcf7-form-control wpcf7-text wpcf7-validates-as-required form-control\" aria-required=\"true\" aria-invalid=\"false\" placeholder=\"Country\" value=\"\" type=\"text\" name=\"PAIS\" \/><\/span>\n\t<\/p>\n\t<p><span class=\"wpcf7-form-control-wrap\" data-name=\"EMPRESA\"><input size=\"40\" maxlength=\"400\" class=\"wpcf7-form-control wpcf7-text wpcf7-validates-as-required form-control\" aria-required=\"true\" aria-invalid=\"false\" placeholder=\"Company\" value=\"\" type=\"text\" name=\"EMPRESA\" \/><\/span>\n\t<\/p>\n\t<p><span class=\"wpcf7-form-control-wrap\" data-name=\"CURSO\"><input size=\"40\" maxlength=\"400\" class=\"wpcf7-form-control wpcf7-text wpcf7-validates-as-required form-control\" aria-required=\"true\" aria-invalid=\"false\" placeholder=\"Subject\" value=\"\" type=\"text\" name=\"CURSO\" \/><\/span>\n\t<\/p>\n\t<p><span class=\"wpcf7-form-control-wrap\" data-name=\"COMENTARIOS\"><textarea cols=\"40\" rows=\"10\" maxlength=\"2000\" class=\"wpcf7-form-control wpcf7-textarea wpcf7-validates-as-required form-control\" aria-required=\"true\" aria-invalid=\"false\" placeholder=\"Message\" name=\"COMENTARIOS\"><\/textarea><\/span>\n\t<\/p>\n<span class=\"wpcf7-form-control-wrap URL\" data-name=\"URL\"><input type=\"hidden\" name=\"URL\" class=\"wpcf7-form-control wpcf7-hidden wpcf7dtx wpcf7dtx-hidden\" aria-invalid=\"false\" value=\"https:\/\/arvengengineering.com\/en\/wp-json\/wp\/v2\/pages\/3109\"><\/span>\n<span class=\"wpcf7-form-control-wrap IDIOMA\" data-name=\"IDIOMA\"><input type=\"hidden\" name=\"IDIOMA\" class=\"wpcf7-form-control wpcf7-hidden wpcf7dtx wpcf7dtx-hidden\" aria-invalid=\"false\" value=\"Ingl\u00e9s\"><\/span>\n<span class=\"wpcf7-form-control-wrap CANAL\" data-name=\"CANAL\"><input type=\"hidden\" name=\"CANAL\" class=\"wpcf7-form-control wpcf7-hidden wpcf7dtx wpcf7dtx-hidden\" aria-invalid=\"false\" value=\"Arveng Engineering\"><\/span>\n<span class=\"wpcf7-form-control-wrap MODALIDAD\" data-name=\"MODALIDAD\"><input type=\"hidden\" name=\"MODALIDAD\" class=\"wpcf7-form-control wpcf7-hidden wpcf7dtx wpcf7dtx-hidden\" aria-invalid=\"false\" value=\"Contacto General Ingenier\u00eda\"><\/span>\n\n\t<p><span class=\"wpcf7-form-control-wrap\" data-name=\"acceptance-36\"><span class=\"wpcf7-form-control wpcf7-acceptance\"><span class=\"wpcf7-list-item\"><input type=\"checkbox\" name=\"acceptance-36\" value=\"1\" aria-invalid=\"false\" \/><\/span><\/span><\/span> I have read and accept the <a href=\"https:\/\/arvengengineering.com\/en\/legal-notice\/\" target=\"_blank\">Privacy Policy<\/a>.\n\t<\/p>\n\t<p><button type=\"submit\" class=\"btn btn-default red\">Send<\/button><br \/>\n<img decoding=\"async\" src=\"\" class=\"ajax-loader\" style=\"visibility: hidden;\" alt=\"Sending ...\" \/>\n\t<\/p>\n\t<p class=\"lw\"><span style=\"color: #BAB7B6;\">\n\t\t\t<FONT SIZE=2> In charge of: Arveng Engineering S.L. Purpose: contact and sending of the services information. Legitimation: consent. Addressee: the personal data will not be shared to third parties unless legal obligation. Rights: you have the right to access, rectify and remove your personal data. You can check our Legal Notice.\n\t\t\t<\/font><\/span>\n\t<\/p>\n<\/div><div class=\"wpcf7-response-output\" aria-hidden=\"true\"><\/div>\n<\/form>\n<\/div>\n[\/vc_column][\/vc_row][vc_row full_width=&#8221;stretch_row_content&#8221; css=&#8221;.vc_custom_1537825327166{padding-right: 5% !important;padding-bottom: 50px !important;padding-left: 5% !important;}&#8221;][vc_column width=&#8221;1\/2&#8243; offset=&#8221;vc_hidden-lg vc_hidden-md vc_hidden-sm&#8221;]<div class=\"fp-section-title clearfix  \">\r\n                <h2>Contact...<\/h2>\r\n                \r\n            <\/div>[vc_row_inner css=&#8221;.vc_custom_1476672159379{margin-right: 50px !important;border-right-width: 1px !important;border-right-color: #f7f7f7 !important;border-right-style: solid !important;}&#8221;][vc_column_inner css=&#8221;.vc_custom_1476672407545{border-bottom-width: 1px !important;}&#8221;]<div class=\"fp-icon-box-5 icon-center dark-version \">\r\n\t\t\t\t <span class=\"fp-icon\"><i class=\"factory-technology\"><\/i><\/span>\r\n                 <h4>Do you have any questions?<\/h4>\r\n                <div class=\"sub-title\"><\/div>\r\n                <div class=\"desc\"><p>T: +34 913 408 851<br \/>\nM: +34 675 122 179<\/p>\n<\/div>\r\n            <\/div>[\/vc_column_inner][\/vc_row_inner][vc_row_inner css=&#8221;.vc_custom_1478256534654{margin-right: 50px !important;border-right-width: 1px !important;border-right-color: #f7f7f7 !important;border-right-style: solid !important;}&#8221;][vc_column_inner]<div class=\"fp-icon-box-5 icon-center dark-version \">\r\n\t\t\t\t <span class=\"fp-icon\"><i class=\"factory-travel\"><\/i><\/span>\r\n                 <h4>Visit our Offices in<\/h4>\r\n                <div class=\"sub-title\"><\/div>\r\n                <div class=\"desc\"><p>Av. de Manoteras 10, Bld B,<br \/>\nOffice 111.\u00a0Madrid (28050),<br \/>\nSpain.<\/p>\n<\/div>\r\n            <\/div>[\/vc_column_inner][\/vc_row_inner][vc_row_inner css=&#8221;.vc_custom_1478256539742{margin-right: 50px !important;border-right-width: 1px !important;border-right-color: #f7f7f7 !important;border-right-style: solid !important;}&#8221;][vc_column_inner]<div class=\"fp-icon-box-5 icon-center dark-version \">\r\n\t\t\t\t <span class=\"fp-icon\"><i class=\"factory-business\"><\/i><\/span>\r\n                 <h4>Send us a note<\/h4>\r\n                <div class=\"sub-title\"><\/div>\r\n                <div class=\"desc\"><p>info@arvenggroup.com<\/p>\n<\/div>\r\n            <\/div>[\/vc_column_inner][\/vc_row_inner][vc_row_inner css=&#8221;.vc_custom_1478256545206{margin-right: 50px !important;border-right-width: 1px !important;border-right-color: #f7f7f7 !important;border-right-style: solid !important;}&#8221;][vc_column_inner]<div class=\"fp-icon-box-5 icon-center dark-version \">\r\n\t\t\t\t <span class=\"fp-icon\"><i class=\"factory-wall-clock\"><\/i><\/span>\r\n                 <h4>Our schedule<\/h4>\r\n                <div class=\"sub-title\"><\/div>\r\n                <div class=\"desc\"><p>M &#8211; F: de 07:00 a 15:30h.<\/p>\n<\/div>\r\n            <\/div>[\/vc_column_inner][\/vc_row_inner][\/vc_column][vc_column width=&#8221;1\/2&#8243; el_class=&#8221;top-spacing&#8221; offset=&#8221;vc_hidden-lg vc_hidden-md vc_hidden-sm&#8221;]<div class=\"fp-section-title clearfix  \">\r\n                <h2>Form...<\/h2>\r\n                \r\n            <\/div>\n<div class=\"wpcf7 no-js\" id=\"wpcf7-f3333-o2\" lang=\"es-ES\" dir=\"ltr\" data-wpcf7-id=\"3333\">\n<div class=\"screen-reader-response\"><p role=\"status\" aria-live=\"polite\" aria-atomic=\"true\"><\/p> <ul><\/ul><\/div>\n<form action=\"\/en\/wp-json\/wp\/v2\/pages\/3109#wpcf7-f3333-o2\" method=\"post\" class=\"wpcf7-form init 9f922ef4f237 cmatic-conn cmatic-aud-1 cmatic-mapd0-0 cmatic-v0976 cmatic-sent-0 cmatic-total-0\" aria-label=\"Formulario de contacto\" novalidate=\"novalidate\" data-status=\"init\">\n<fieldset class=\"hidden-fields-container\"><input type=\"hidden\" name=\"_wpcf7\" value=\"3333\" \/><input type=\"hidden\" name=\"_wpcf7_version\" value=\"6.1.5\" \/><input type=\"hidden\" name=\"_wpcf7_locale\" value=\"es_ES\" \/><input type=\"hidden\" name=\"_wpcf7_unit_tag\" value=\"wpcf7-f3333-o2\" \/><input type=\"hidden\" name=\"_wpcf7_container_post\" value=\"0\" \/><input type=\"hidden\" name=\"_wpcf7_posted_data_hash\" value=\"\" \/><input type=\"hidden\" name=\"_wpcf7dtx_version\" value=\"5.0.5\" \/><input type=\"hidden\" name=\"_wpcf7_recaptcha_response\" value=\"\" \/>\n<\/fieldset>\n<div class=\"fp-form fp-form-2\">\n\t<p class=\"field first-row\"><span class=\"wpcf7-form-control-wrap\" data-name=\"first-name\"><input size=\"40\" maxlength=\"400\" class=\"wpcf7-form-control wpcf7-text wpcf7-validates-as-required\" aria-required=\"true\" aria-invalid=\"false\" placeholder=\"Name*\" value=\"\" type=\"text\" name=\"first-name\" \/><\/span>\n\t<\/p>\n\t<p class=\"field last-row\"><span class=\"wpcf7-form-control-wrap\" data-name=\"last-name\"><input size=\"40\" maxlength=\"400\" class=\"wpcf7-form-control wpcf7-text wpcf7-validates-as-required\" aria-required=\"true\" aria-invalid=\"false\" placeholder=\"Surname*\" value=\"\" type=\"text\" name=\"last-name\" \/><\/span>\n\t<\/p>\n\t<p class=\"field first-row\"><span class=\"wpcf7-form-control-wrap\" data-name=\"your-email\"><input size=\"40\" maxlength=\"400\" class=\"wpcf7-form-control wpcf7-email wpcf7-validates-as-required wpcf7-text wpcf7-validates-as-email\" aria-required=\"true\" aria-invalid=\"false\" placeholder=\"Email*\" value=\"\" type=\"email\" name=\"your-email\" \/><\/span>\n\t<\/p>\n\t<p class=\"field last-row\"><span class=\"wpcf7-form-control-wrap\" data-name=\"your-phone\"><input size=\"40\" maxlength=\"400\" class=\"wpcf7-form-control wpcf7-text\" aria-invalid=\"false\" placeholder=\"Phone\" value=\"\" type=\"text\" name=\"your-phone\" \/><\/span>\n\t<\/p>\n\t<p class=\"field single-field\"><span class=\"wpcf7-form-control-wrap\" data-name=\"menu-663\"><select class=\"wpcf7-form-control wpcf7-select\" aria-invalid=\"false\" name=\"menu-663\"><option value=\"Query type\">Query type<\/option><option value=\"General Information\">General Information<\/option><option value=\"Detailed Engineering\">Detailed Engineering<\/option><option value=\"Technical Assistance\">Technical Assistance<\/option><option value=\"Conceptual Engineering\">Conceptual Engineering<\/option><option value=\"Basic Engineering\">Basic Engineering<\/option><option value=\"Specialized Studies\">Specialized Studies<\/option><option value=\"Procurement Support\">Procurement Support<\/option><\/select><\/span>\n\t<\/p>\n\t<p class=\"field single-field\"><span class=\"wpcf7-form-control-wrap\" data-name=\"your-message\"><textarea cols=\"40\" rows=\"10\" maxlength=\"2000\" class=\"wpcf7-form-control wpcf7-textarea\" aria-invalid=\"false\" placeholder=\"Message...\" name=\"your-message\"><\/textarea><\/span>\n\t<\/p>\n\n\t<p class=\"field single-field\"><span class=\"wpcf7-form-control-wrap\" data-name=\"acceptance-36\"><span class=\"wpcf7-form-control wpcf7-acceptance\"><span class=\"wpcf7-list-item\"><input type=\"checkbox\" name=\"acceptance-36\" value=\"1\" aria-invalid=\"false\" \/><\/span><\/span><\/span><a href=\"http:\/\/arvengengineering.com\/aviso-legal\" target=\"_blank\"> I have read and accept the Privacy Policy.<\/a>\n\t<\/p>\n\t<p class=\"field submit single-field\"><input class=\"wpcf7-form-control wpcf7-submit has-spinner fp-btn\" type=\"submit\" value=\"Send\" \/>\n\t<\/p>\n<\/div><div class=\"wpcf7-response-output\" aria-hidden=\"true\"><\/div>\n<\/form>\n<\/div>\n[\/vc_column][\/vc_row][vc_row full_width=&#8221;stretch_row_content_no_spaces&#8221;][vc_column][vc_gmaps link=&#8221;#E-8_JTNDaWZyYW1lJTIwc3JjJTNEJTIyaHR0cHMlM0ElMkYlMkZ3d3cuZ29vZ2xlLmNvbSUyRm1hcHMlMkZlbWJlZCUzRnBiJTNEJTIxMW0xOCUyMTFtMTIlMjExbTMlMjExZDMwMzQuNDA2MTExNzcwMjc5NSUyMTJkLTMuNjczNDI1NDg0MzA2MjE0NiUyMTNkNDAuNDg4NDAxODU5MjAwNzE0JTIxMm0zJTIxMWYwJTIxMmYwJTIxM2YwJTIxM20yJTIxMWkxMDI0JTIxMmk3NjglMjE0ZjEzLjElMjEzbTMlMjExbTIlMjExczB4ZDQyMjk1MDkyY2EzZTc1JTI1M0EweGEzMjA2Mzc0YmExYWE3ZDYlMjEyc0F2LiUyQmRlJTJCTWFub3RlcmFzJTI1MkMlMkIxMCUyNTJDJTJCMjgwNTAlMkJNYWRyaWQlMjE1ZTAlMjEzbTIlMjExc2VzJTIxMnNlcyUyMTR2MTU0NjA5NzAzNzczNSUyMiUyMHdpZHRoJTNEJTIyNjAwJTIyJTIwaGVpZ2h0JTNEJTIyNDUwJTIyJTIwZnJhbWVib3JkZXIlM0QlMjIwJTIyJTIwc3R5bGUlM0QlMjJib3JkZXIlM0EwJTIyJTIwYWxsb3dmdWxsc2NyZWVuJTNFJTNDJTJGaWZyYW1lJTNF&#8221; size=&#8221;600&#8243;][\/vc_column][\/vc_row]<\/p>\n<\/div>","protected":false},"excerpt":{"rendered":"<p>[vc_row full_width=&#8221;stretch_row_content&#8221; css=&#8221;.vc_custom_1537825225309{padding-top: 75px !important;padding-right: 15% !important;padding-bottom: 50px !important;padding-left: 15% !important;}&#8221;][vc_column width=&#8221;1\/2&#8243; offset=&#8221;vc_hidden-xs&#8221;][vc_row_inner css=&#8221;.vc_custom_1476672159379{margin-right: 50px !important;border-right-width: 1px !important;border-right-color: #f7f7f7 !important;border-right-style: solid !important;}&#8221;][vc_column_inner css=&#8221;.vc_custom_1476672407545{border-bottom-width: 1px !important;}&#8221;][\/vc_column_inner][\/vc_row_inner][vc_row_inner css=&#8221;.vc_custom_1478256534654{margin-right: 50px !important;border-right-width: 1px !important;border-right-color:&hellip;<\/p>\n","protected":false},"author":1,"featured_media":0,"parent":0,"menu_order":0,"comment_status":"closed","ping_status":"closed","template":"template-fullwidth.php","meta":{"footnotes":""},"class_list":["post-3109","page","type-page","status-publish","hentry","no-thumb"],"yoast_head":"<!-- This site is optimized with the Yoast SEO plugin v27.2 - https:\/\/yoast.com\/product\/yoast-seo-wordpress\/ -->\n<title>Contact - Arveng Engineering<\/title>\n<meta name=\"robots\" content=\"index, follow, max-snippet:-1, max-image-preview:large, max-video-preview:-1\" \/>\n<link rel=\"canonical\" href=\"https:\/\/arvengengineering.com\/en\/contact\" \/>\n<meta property=\"og:locale\" content=\"en_US\" \/>\n<meta property=\"og:type\" content=\"article\" \/>\n<meta property=\"og:title\" content=\"Contact - Arveng Engineering\" \/>\n<meta property=\"og:description\" content=\"[vc_row full_width=&#8221;stretch_row_content&#8221; css=&#8221;.vc_custom_1537825225309{padding-top: 75px !important;padding-right: 15% !important;padding-bottom: 50px !important;padding-left: 15% !important;}&#8221;][vc_column width=&#8221;1\/2&#8243; offset=&#8221;vc_hidden-xs&#8221;][vc_row_inner css=&#8221;.vc_custom_1476672159379{margin-right: 50px !important;border-right-width: 1px !important;border-right-color: #f7f7f7 !important;border-right-style: solid !important;}&#8221;][vc_column_inner css=&#8221;.vc_custom_1476672407545{border-bottom-width: 1px !important;}&#8221;][\/vc_column_inner][\/vc_row_inner][vc_row_inner css=&#8221;.vc_custom_1478256534654{margin-right: 50px !important;border-right-width: 1px !important;border-right-color:&hellip;\" \/>\n<meta property=\"og:url\" content=\"https:\/\/arvengengineering.com\/en\/contact\" \/>\n<meta property=\"og:site_name\" content=\"Arveng Engineering\" \/>\n<meta property=\"article:modified_time\" content=\"2026-03-23T11:49:26+00:00\" \/>\n<meta name=\"twitter:card\" content=\"summary_large_image\" \/>\n<meta name=\"twitter:label1\" content=\"Est. reading time\" \/>\n\t<meta name=\"twitter:data1\" content=\"1 minute\" \/>\n<script type=\"application\/ld+json\" class=\"yoast-schema-graph\">{\"@context\":\"https:\/\/schema.org\",\"@graph\":[{\"@type\":\"WebPage\",\"@id\":\"https:\/\/arvengengineering.com\/en\/contact\",\"url\":\"https:\/\/arvengengineering.com\/en\/contact\",\"name\":\"Contact - Arveng Engineering\",\"isPartOf\":{\"@id\":\"https:\/\/arvengengineering.com\/#website\"},\"datePublished\":\"2016-10-15T09:38:33+00:00\",\"dateModified\":\"2026-03-23T11:49:26+00:00\",\"breadcrumb\":{\"@id\":\"https:\/\/arvengengineering.com\/en\/contact#breadcrumb\"},\"inLanguage\":\"en-US\",\"potentialAction\":[{\"@type\":\"ReadAction\",\"target\":[\"https:\/\/arvengengineering.com\/en\/contact\"]}]},{\"@type\":\"BreadcrumbList\",\"@id\":\"https:\/\/arvengengineering.com\/en\/contact#breadcrumb\",\"itemListElement\":[{\"@type\":\"ListItem\",\"position\":1,\"name\":\"Portada\",\"item\":\"https:\/\/arvengengineering.com\/en\"},{\"@type\":\"ListItem\",\"position\":2,\"name\":\"Contact\"}]},{\"@type\":\"WebSite\",\"@id\":\"https:\/\/arvengengineering.com\/#website\",\"url\":\"https:\/\/arvengengineering.com\/\",\"name\":\"Arveng Engineering\",\"description\":\"Arveng Training &amp; Engineering SL es una empresa dedicada a la Formaci\u00f3n y a la Ingenier\u00eda con base en Madrid, Espa\u00f1a, integrada por profesionales  motivados, con altos niveles de capacitaci\u00f3n y m\u00e1s de veinte a\u00f1os de experiencia.\",\"potentialAction\":[{\"@type\":\"SearchAction\",\"target\":{\"@type\":\"EntryPoint\",\"urlTemplate\":\"https:\/\/arvengengineering.com\/?s={search_term_string}\"},\"query-input\":{\"@type\":\"PropertyValueSpecification\",\"valueRequired\":true,\"valueName\":\"search_term_string\"}}],\"inLanguage\":\"en-US\"}]}<\/script>\n<!-- \/ Yoast SEO plugin. -->","yoast_head_json":{"title":"Contact - Arveng Engineering","robots":{"index":"index","follow":"follow","max-snippet":"max-snippet:-1","max-image-preview":"max-image-preview:large","max-video-preview":"max-video-preview:-1"},"canonical":"https:\/\/arvengengineering.com\/en\/contact","og_locale":"en_US","og_type":"article","og_title":"Contact - Arveng Engineering","og_description":"[vc_row full_width=&#8221;stretch_row_content&#8221; css=&#8221;.vc_custom_1537825225309{padding-top: 75px !important;padding-right: 15% !important;padding-bottom: 50px !important;padding-left: 15% !important;}&#8221;][vc_column width=&#8221;1\/2&#8243; offset=&#8221;vc_hidden-xs&#8221;][vc_row_inner css=&#8221;.vc_custom_1476672159379{margin-right: 50px !important;border-right-width: 1px !important;border-right-color: #f7f7f7 !important;border-right-style: solid !important;}&#8221;][vc_column_inner css=&#8221;.vc_custom_1476672407545{border-bottom-width: 1px !important;}&#8221;][\/vc_column_inner][\/vc_row_inner][vc_row_inner css=&#8221;.vc_custom_1478256534654{margin-right: 50px !important;border-right-width: 1px !important;border-right-color:&hellip;","og_url":"https:\/\/arvengengineering.com\/en\/contact","og_site_name":"Arveng Engineering","article_modified_time":"2026-03-23T11:49:26+00:00","twitter_card":"summary_large_image","twitter_misc":{"Est. reading time":"1 minute"},"schema":{"@context":"https:\/\/schema.org","@graph":[{"@type":"WebPage","@id":"https:\/\/arvengengineering.com\/en\/contact","url":"https:\/\/arvengengineering.com\/en\/contact","name":"Contact - Arveng Engineering","isPartOf":{"@id":"https:\/\/arvengengineering.com\/#website"},"datePublished":"2016-10-15T09:38:33+00:00","dateModified":"2026-03-23T11:49:26+00:00","breadcrumb":{"@id":"https:\/\/arvengengineering.com\/en\/contact#breadcrumb"},"inLanguage":"en-US","potentialAction":[{"@type":"ReadAction","target":["https:\/\/arvengengineering.com\/en\/contact"]}]},{"@type":"BreadcrumbList","@id":"https:\/\/arvengengineering.com\/en\/contact#breadcrumb","itemListElement":[{"@type":"ListItem","position":1,"name":"Portada","item":"https:\/\/arvengengineering.com\/en"},{"@type":"ListItem","position":2,"name":"Contact"}]},{"@type":"WebSite","@id":"https:\/\/arvengengineering.com\/#website","url":"https:\/\/arvengengineering.com\/","name":"Arveng Engineering","description":"Arveng Training &amp; Engineering SL es una empresa dedicada a la Formaci\u00f3n y a la Ingenier\u00eda con base en Madrid, Espa\u00f1a, integrada por profesionales  motivados, con altos niveles de capacitaci\u00f3n y m\u00e1s de veinte a\u00f1os de experiencia.","potentialAction":[{"@type":"SearchAction","target":{"@type":"EntryPoint","urlTemplate":"https:\/\/arvengengineering.com\/?s={search_term_string}"},"query-input":{"@type":"PropertyValueSpecification","valueRequired":true,"valueName":"search_term_string"}}],"inLanguage":"en-US"}]}},"_links":{"self":[{"href":"https:\/\/arvengengineering.com\/en\/wp-json\/wp\/v2\/pages\/3109","targetHints":{"allow":["GET"]}}],"collection":[{"href":"https:\/\/arvengengineering.com\/en\/wp-json\/wp\/v2\/pages"}],"about":[{"href":"https:\/\/arvengengineering.com\/en\/wp-json\/wp\/v2\/types\/page"}],"author":[{"embeddable":true,"href":"https:\/\/arvengengineering.com\/en\/wp-json\/wp\/v2\/users\/1"}],"replies":[{"embeddable":true,"href":"https:\/\/arvengengineering.com\/en\/wp-json\/wp\/v2\/comments?post=3109"}],"version-history":[{"count":4,"href":"https:\/\/arvengengineering.com\/en\/wp-json\/wp\/v2\/pages\/3109\/revisions"}],"predecessor-version":[{"id":4423,"href":"https:\/\/arvengengineering.com\/en\/wp-json\/wp\/v2\/pages\/3109\/revisions\/4423"}],"wp:attachment":[{"href":"https:\/\/arvengengineering.com\/en\/wp-json\/wp\/v2\/media?parent=3109"}],"curies":[{"name":"wp","href":"https:\/\/api.w.org\/{rel}","templated":true}]}}