{"id":3094,"date":"2013-03-15T18:21:12","date_gmt":"2013-03-15T18:21:12","guid":{"rendered":"https:\/\/arvengengineering.com\/arveng-training-engineering"},"modified":"2018-12-22T09:14:40","modified_gmt":"2018-12-22T09:14:40","slug":"arveng-training-engineering","status":"publish","type":"page","link":"https:\/\/arvengengineering.com\/en\/arveng-training-engineering","title":{"rendered":"Arveng Training &amp; Engineering"},"content":{"rendered":"<div class=\"wpb-content-wrapper\"><p>[vc_row css=&#8221;.vc_custom_1486635938421{padding-top: 80px !important;padding-bottom: 80px !important;}&#8221;][vc_column width=&#8221;1\/2&#8243; el_class=&#8221;fp-about-desc&#8221; css=&#8221;.vc_custom_1479962247750{padding-left: 45px !important;}&#8221;]<div class=\"fp-section-title clearfix  \">\r\n                <h2>Our Company<\/h2>\r\n                \r\n            <\/div>[vc_column_text]<\/p>\n<p class=\"p1\"><span style=\"color: #e12025;\"><strong><span class=\"s1\">Arveng Training &amp; Engineering SL is a leading company providing Training and Engineering services<span class=\"Apple-converted-space\">\u00a0 <\/span>based in Madrid, Spain, <\/span><\/strong><\/span><span class=\"s2\">a team of motivated, talented and highly qualified professionals with more than 20 years of experience. Our main goal is to meet the needs of our customers and to exceed their expectations in all their spheres of industrial activity, through our renowned services which are based on efficient, innovative, cost-effective and transparent principles.<\/span><\/p>\n<p class=\"p1\"><strong><span class=\"s1\" style=\"color: #e12025;\">Arveng is a company strongly committed to the environment, our sustainable solutions <\/span><\/strong><span class=\"s2\">contribute to reduce the impact of processes and day to day operations. Established in July 2010, mainly oriented to the industrial sector, from the very beginning <\/span><strong><span class=\"s1\" style=\"color: #e12025;\">Arveng has always worked with closeness, responsibility and commitment in the different areas of activity. <\/span><\/strong><\/p>\n<p class=\"p1\">Through our rich experience participating in multidisciplinary engineering projects, we provide solutions, methods and solve specific and special technical requirements, <strong><span class=\"s3\" style=\"color: #e12025;\">building long lasting, mutually beneficial relationships.<\/span><\/strong><\/p>\n<p class=\"p1\"><span class=\"s4\">We believe that facts and actions speak louder than words, that is why <\/span><strong><span class=\"s5\" style=\"color: #e12025;\">the references of our clients are our best credentials.<\/span><\/strong><\/p>\n<p>[\/vc_column_text][\/vc_column][vc_column width=&#8221;1\/2&#8243; el_class=&#8221;top-spacing&#8221;][vc_single_image image=&#8221;2388&#8243; img_size=&#8221;full&#8221;][vc_row_inner css=&#8221;.vc_custom_1537114731092{margin-top: 80px !important;}&#8221;][vc_column_inner width=&#8221;1\/3&#8243; css=&#8221;.vc_custom_1537824758422{margin-bottom: 20px !important;}&#8221; offset=&#8221;vc_hidden-xs&#8221;]<div class=\"fp-icon-box-4 icon-center dark-version \">\r\n\t\t\t\t <span class=\"fp-icon\"><i class=\"factory-travel\"><\/i><\/span>\r\n                \r\n                <div class=\"sub-title\"><\/div>\r\n                <div class=\"desc\"><p style=\"text-align: left;\">Offices in<br \/>\nMadrid,<br \/>\nSpain.<\/p>\n<\/div>\r\n            <\/div>[\/vc_column_inner][vc_column_inner width=&#8221;1\/3&#8243; offset=&#8221;vc_hidden-xs&#8221;]<div class=\"fp-icon-box-4 icon-center dark-version \">\r\n\t\t\t\t <span class=\"fp-icon\"><i class=\"factory-mechanic\"><\/i><\/span>\r\n                \r\n                <div class=\"sub-title\"><\/div>\r\n                <div class=\"desc\"><p>High<br \/>\nTechnical<br \/>\nExpertise.<\/p>\n<\/div>\r\n            <\/div>[\/vc_column_inner][vc_column_inner width=&#8221;1\/3&#8243; offset=&#8221;vc_hidden-xs&#8221;]<div class=\"fp-icon-box-4 icon-center dark-version \">\r\n\t\t\t\t <span class=\"fp-icon\"><i class=\"factory-leaf\"><\/i><\/span>\r\n                \r\n                <div class=\"sub-title\"><\/div>\r\n                <div class=\"desc\"><p>Commited<br \/>\nwith the<br \/>\nEnvironment.<\/p>\n<\/div>\r\n            <\/div>[\/vc_column_inner][\/vc_row_inner]<div class=\"fp-phone clearfix \">\r\n\t\t\t\t<a href=\"http:\/\/arvengengineering.com\/contacto\" class=\"fp-btn\">Contact us<\/a>\r\n\t\t\t\t<div class=\"hotline\">\r\n\t\t\t\t\t<i class=\"factory-technology\"><\/i>\r\n\t\t\t\t\t<span>Our phone:<\/span>\r\n\t\t\t\t\t<p>+(34) 913 408 851<\/p>\r\n\t\t\t\t<\/div>\r\n\t\t\t<\/div>[\/vc_column][\/vc_row][vc_row enable_parallax=&#8221;yes&#8221; css=&#8221;.vc_custom_1480413442310{padding-top: 70px !important;padding-bottom: 70px !important;background-image: url(http:\/\/arvengengineering.com\/wp-content\/uploads\/2016\/11\/count-parallax.jpg?id=2187) !important;}&#8221;][vc_column width=&#8221;1\/4&#8243; css=&#8221;.vc_custom_1478760673228{padding-top: 20px !important;}&#8221;][vc_column_text]<\/p>\n<div style=\"font-size: 30px; font-weight: bold; font-family: 'Montserrat', sans-serif; color: #fff; line-height: 40px; text-transform: uppercase;\"><span class=\"main-color\">WHAT MAKES US SPECIAL?<\/span><\/div>\n<p>[\/vc_column_text][\/vc_column][vc_column width=&#8221;1\/4&#8243;]<div class=\"fp-counter  style-1\">\r\n                <div class=\"counter\">\r\n                \t<div class=\"value\">20<\/div>\r\n                \t<span>+<\/span>\r\n                <\/div>\r\n                <h4>Years of experience<\/h4>\r\n                 <span class=\"fp-icon\"><i class=\"factory-tool2\"><\/i><\/span>\r\n            <\/div>[\/vc_column][vc_column width=&#8221;1\/4&#8243;]<div class=\"fp-counter  style-1\">\r\n                <div class=\"counter\">\r\n                \t<div class=\"value\">100<\/div>\r\n                \t<span>%<\/span>\r\n                <\/div>\r\n                <h4>Satisfied customers<\/h4>\r\n                 <span class=\"fp-icon\"><i class=\"factory-people\"><\/i><\/span>\r\n            <\/div>[\/vc_column][vc_column width=&#8221;1\/4&#8243;]<div class=\"fp-counter  style-1\">\r\n                <div class=\"counter\">\r\n                \t<div class=\"value\">150<\/div>\r\n                \t<span>+<\/span>\r\n                <\/div>\r\n                <h4>Training Sessions<\/h4>\r\n                 <span class=\"fp-icon\"><i class=\"fa fa-bullhorn\"><\/i><\/span>\r\n            <\/div>[\/vc_column][\/vc_row][vc_row css=&#8221;.vc_custom_1478074676155{padding-top: 75px !important;padding-bottom: 50px !important;}&#8221;][vc_column width=&#8221;1\/2&#8243;]<div class=\"fp-section-title clearfix  \">\r\n                <h2>Engineering<\/h2>\r\n                \r\n            <\/div>[vc_single_image image=&#8221;2902&#8243; img_size=&#8221;full&#8221; css=&#8221;.vc_custom_1537304681787{margin-bottom: 25px !important;}&#8221;][vc_column_text css=&#8221;.vc_custom_1543078427283{margin-bottom: 25px !important;}&#8221;]<\/p>\n<p class=\"p1\"><span style=\"color: #e12025;\"><strong><span class=\"s1\">Arveng Engineering is a multidisciplinary company with international presence and projects in different geographies.<\/span><\/strong><\/span><span class=\"s2\"> Formed by a team of highly qualified professionals developing customized engineering solutions for our clients. <\/span><span class=\"s1\"><strong><span style=\"color: #e12025;\">Our experience resides in the Petrochemical, Energy Generation and Industrial sectors<\/span><\/strong>.<\/span><\/p>\n<p class=\"p1\"><span class=\"s1\">Our added value lies in the technical expertise and commitment of our professionals. <\/span><span class=\"s2\">We are an agile and flexible company, the experience acquired in these many years allows us to provide efficient and cost-effective engineering solutions.\u00a0<\/span><strong><span class=\"s1\" style=\"color: #e12025;\">We are committed to strict compliance with delivery deadlines, assuring the quality of project deliverables at all times.<\/span><\/strong><\/p>\n<p class=\"p4\">We are not alone when it comes to developing large engineering projects. <strong><span style=\"color: #e12025;\"><span class=\"s3\">Arveng has Strategic Alliance<\/span>s<\/span> <\/strong>with other well recognized companies that increase our capabilities <strong><span class=\"s3\" style=\"color: #e12025;\">to take on larger engineering projects and even greater challenges.<\/span><\/strong><\/p>\n<p>[\/vc_column_text][\/vc_column][vc_column width=&#8221;1\/2&#8243; el_class=&#8221;top-spacing&#8221;]<div class=\"fp-section-title clearfix  \">\r\n                <h2>Training<\/h2>\r\n                \r\n            <\/div>[vc_single_image image=&#8221;2903&#8243; img_size=&#8221;full&#8221; css=&#8221;.vc_custom_1537304694206{margin-bottom: 25px !important;}&#8221;][vc_column_text css=&#8221;.vc_custom_1543078744791{margin-bottom: 25px !important;}&#8221;]<\/p>\n<p class=\"p1\"><span style=\"color: #e12025;\"><strong><span class=\"s1\">Arveng Training has developed effective and practical courses for the needs of today\u2019s industrial challenges by delivering specific and high-quality engineering training courses utilizing all three approaches: classroom, online and tailored training.<\/span><\/strong><\/span><span class=\"s2\"> We are proud to have imparted more than 100 classroom courses, 200 online courses and over 15 in-company sessions. Our training activities has benefited over 1,500 professionals. Our greatest pride is in the letters of recommendation we receive from so many of our customers. <\/span><\/p>\n<p class=\"p3\"><strong><span class=\"s2\" style=\"color: #e12025;\">We consider the time of our students as the most valuable.<\/span><\/strong><span class=\"s3\"> For this reason, all our courses have been designed with the main objective of quickly develop the professional skills of the participants, through our expert instructors in different disciplines. <\/span><\/p>\n<p class=\"p3\"><strong><span class=\"s2\" style=\"color: #e12025;\">We stimulate creativity, innovation and initiative to make the participants inquisitive to bring good engineering practices and lessons learned to the field that benefits their employers in the long term.<\/span><\/strong><\/p>\n<p>[\/vc_column_text][\/vc_column][\/vc_row][vc_row][vc_column width=&#8221;1\/4&#8243;]<div class=\"fp-icon-box-3 icon-center dark-version \">\r\n\t\t\t\t <span class=\"fp-icon\"><i class=\"fa fa-industry\"><\/i><\/span>\r\n                 <h4>Tailored Engineering<\/h4>\r\n                <div class=\"sub-title\"><\/div>\r\n                <div class=\"desc\"><p><span style=\"color: #e03636;\"><strong>Ad-hoc and cost-effective Engineering Solutions <\/strong><\/span>for our customers.<\/p>\n<\/div>\r\n            <\/div>[\/vc_column][vc_column width=&#8221;1\/4&#8243;]<div class=\"fp-icon-box-3 icon-center dark-version \">\r\n\t\t\t\t <span class=\"fp-icon\"><i class=\"factory-wall-clock\"><\/i><\/span>\r\n                 <h4>Agile &amp; Flexible<\/h4>\r\n                <div class=\"sub-title\"><\/div>\r\n                <div class=\"desc\"><p><strong><span class=\"s1\" style=\"color: #e12025;\">Strict compliance with delivery deadlines and quality <\/span><\/strong><span class=\"s1\" style=\"color: #000000;\">of deliverables.<\/span><\/p>\n<\/div>\r\n            <\/div>[\/vc_column][vc_column width=&#8221;1\/4&#8243;]<div class=\"fp-icon-box-3 icon-center dark-version \">\r\n\t\t\t\t <span class=\"fp-icon\"><i class=\"fa fa-bullhorn\"><\/i><\/span>\r\n                 <h4>Tailored Training<\/h4>\r\n                <div class=\"sub-title\"><\/div>\r\n                <div class=\"desc\"><p><span style=\"color: #e12025;\"><strong>High quality training in engineering.<\/strong><\/span> On the job, Online and Tailored.<\/p>\n<\/div>\r\n            <\/div>[\/vc_column][vc_column width=&#8221;1\/4&#8243; css=&#8221;.vc_custom_1537824932784{margin-bottom: 60px !important;}&#8221;]<div class=\"fp-icon-box-3 icon-center dark-version \">\r\n\t\t\t\t <span class=\"fp-icon\"><i class=\"fa fa-users\"><\/i><\/span>\r\n                 <h4>Expert Instructors<\/h4>\r\n                <div class=\"sub-title\"><\/div>\r\n                <div class=\"desc\"><p>We stimulate creativity,\u00a0 <span style=\"color: #e03636;\"><strong>bringing best engineering practices.<\/strong><\/span><\/p>\n<\/div>\r\n            <\/div>[\/vc_column][\/vc_row]<\/p>\n<\/div>","protected":false},"excerpt":{"rendered":"<p>[vc_row css=&#8221;.vc_custom_1486635938421{padding-top: 80px !important;padding-bottom: 80px !important;}&#8221;][vc_column width=&#8221;1\/2&#8243; el_class=&#8221;fp-about-desc&#8221; css=&#8221;.vc_custom_1479962247750{padding-left: 45px !important;}&#8221;][vc_column_text] Arveng Training &amp; Engineering SL is a leading company providing Training and Engineering services\u00a0 based in Madrid, Spain, a&hellip;<\/p>\n","protected":false},"author":1,"featured_media":0,"parent":0,"menu_order":0,"comment_status":"open","ping_status":"open","template":"template-fullwidth.php","meta":{"footnotes":""},"class_list":["post-3094","page","type-page","status-publish","hentry","no-thumb"],"yoast_head":"<!-- This site is optimized with the Yoast SEO plugin v27.2 - https:\/\/yoast.com\/product\/yoast-seo-wordpress\/ -->\n<title>Arveng Training &amp; Engineering - Arveng Engineering<\/title>\n<meta name=\"robots\" content=\"index, follow, max-snippet:-1, max-image-preview:large, max-video-preview:-1\" \/>\n<link rel=\"canonical\" href=\"https:\/\/arvengengineering.com\/en\/arveng-training-engineering\" \/>\n<meta property=\"og:locale\" content=\"en_US\" \/>\n<meta property=\"og:type\" content=\"article\" \/>\n<meta property=\"og:title\" content=\"Arveng Training &amp; Engineering - Arveng Engineering\" \/>\n<meta property=\"og:description\" content=\"[vc_row css=&#8221;.vc_custom_1486635938421{padding-top: 80px !important;padding-bottom: 80px !important;}&#8221;][vc_column width=&#8221;1\/2&#8243; el_class=&#8221;fp-about-desc&#8221; css=&#8221;.vc_custom_1479962247750{padding-left: 45px !important;}&#8221;][vc_column_text] Arveng Training &amp; Engineering SL is a leading company providing Training and Engineering services\u00a0 based in Madrid, Spain, a&hellip;\" \/>\n<meta property=\"og:url\" content=\"https:\/\/arvengengineering.com\/en\/arveng-training-engineering\" \/>\n<meta property=\"og:site_name\" content=\"Arveng Engineering\" \/>\n<meta property=\"article:modified_time\" content=\"2018-12-22T09:14:40+00:00\" \/>\n<meta name=\"twitter:card\" content=\"summary_large_image\" \/>\n<meta name=\"twitter:label1\" content=\"Est. reading time\" \/>\n\t<meta name=\"twitter:data1\" content=\"4 minutes\" \/>\n<script type=\"application\/ld+json\" class=\"yoast-schema-graph\">{\"@context\":\"https:\/\/schema.org\",\"@graph\":[{\"@type\":\"WebPage\",\"@id\":\"https:\/\/arvengengineering.com\/en\/arveng-training-engineering\",\"url\":\"https:\/\/arvengengineering.com\/en\/arveng-training-engineering\",\"name\":\"Arveng Training &amp; Engineering - Arveng Engineering\",\"isPartOf\":{\"@id\":\"https:\/\/arvengengineering.com\/#website\"},\"datePublished\":\"2013-03-15T18:21:12+00:00\",\"dateModified\":\"2018-12-22T09:14:40+00:00\",\"breadcrumb\":{\"@id\":\"https:\/\/arvengengineering.com\/en\/arveng-training-engineering#breadcrumb\"},\"inLanguage\":\"en-US\",\"potentialAction\":[{\"@type\":\"ReadAction\",\"target\":[\"https:\/\/arvengengineering.com\/en\/arveng-training-engineering\"]}]},{\"@type\":\"BreadcrumbList\",\"@id\":\"https:\/\/arvengengineering.com\/en\/arveng-training-engineering#breadcrumb\",\"itemListElement\":[{\"@type\":\"ListItem\",\"position\":1,\"name\":\"Portada\",\"item\":\"https:\/\/arvengengineering.com\/en\"},{\"@type\":\"ListItem\",\"position\":2,\"name\":\"Arveng Training &amp; Engineering\"}]},{\"@type\":\"WebSite\",\"@id\":\"https:\/\/arvengengineering.com\/#website\",\"url\":\"https:\/\/arvengengineering.com\/\",\"name\":\"Arveng Engineering\",\"description\":\"Arveng Training &amp; Engineering SL es una empresa dedicada a la Formaci\u00f3n y a la Ingenier\u00eda con base en Madrid, Espa\u00f1a, integrada por profesionales  motivados, con altos niveles de capacitaci\u00f3n y m\u00e1s de veinte a\u00f1os de experiencia.\",\"potentialAction\":[{\"@type\":\"SearchAction\",\"target\":{\"@type\":\"EntryPoint\",\"urlTemplate\":\"https:\/\/arvengengineering.com\/?s={search_term_string}\"},\"query-input\":{\"@type\":\"PropertyValueSpecification\",\"valueRequired\":true,\"valueName\":\"search_term_string\"}}],\"inLanguage\":\"en-US\"}]}<\/script>\n<!-- \/ Yoast SEO plugin. -->","yoast_head_json":{"title":"Arveng Training &amp; Engineering - Arveng Engineering","robots":{"index":"index","follow":"follow","max-snippet":"max-snippet:-1","max-image-preview":"max-image-preview:large","max-video-preview":"max-video-preview:-1"},"canonical":"https:\/\/arvengengineering.com\/en\/arveng-training-engineering","og_locale":"en_US","og_type":"article","og_title":"Arveng Training &amp; Engineering - Arveng Engineering","og_description":"[vc_row css=&#8221;.vc_custom_1486635938421{padding-top: 80px !important;padding-bottom: 80px !important;}&#8221;][vc_column width=&#8221;1\/2&#8243; el_class=&#8221;fp-about-desc&#8221; css=&#8221;.vc_custom_1479962247750{padding-left: 45px !important;}&#8221;][vc_column_text] Arveng Training &amp; Engineering SL is a leading company providing Training and Engineering services\u00a0 based in Madrid, Spain, a&hellip;","og_url":"https:\/\/arvengengineering.com\/en\/arveng-training-engineering","og_site_name":"Arveng Engineering","article_modified_time":"2018-12-22T09:14:40+00:00","twitter_card":"summary_large_image","twitter_misc":{"Est. reading time":"4 minutes"},"schema":{"@context":"https:\/\/schema.org","@graph":[{"@type":"WebPage","@id":"https:\/\/arvengengineering.com\/en\/arveng-training-engineering","url":"https:\/\/arvengengineering.com\/en\/arveng-training-engineering","name":"Arveng Training &amp; Engineering - Arveng Engineering","isPartOf":{"@id":"https:\/\/arvengengineering.com\/#website"},"datePublished":"2013-03-15T18:21:12+00:00","dateModified":"2018-12-22T09:14:40+00:00","breadcrumb":{"@id":"https:\/\/arvengengineering.com\/en\/arveng-training-engineering#breadcrumb"},"inLanguage":"en-US","potentialAction":[{"@type":"ReadAction","target":["https:\/\/arvengengineering.com\/en\/arveng-training-engineering"]}]},{"@type":"BreadcrumbList","@id":"https:\/\/arvengengineering.com\/en\/arveng-training-engineering#breadcrumb","itemListElement":[{"@type":"ListItem","position":1,"name":"Portada","item":"https:\/\/arvengengineering.com\/en"},{"@type":"ListItem","position":2,"name":"Arveng Training &amp; Engineering"}]},{"@type":"WebSite","@id":"https:\/\/arvengengineering.com\/#website","url":"https:\/\/arvengengineering.com\/","name":"Arveng Engineering","description":"Arveng Training &amp; Engineering SL es una empresa dedicada a la Formaci\u00f3n y a la Ingenier\u00eda con base en Madrid, Espa\u00f1a, integrada por profesionales  motivados, con altos niveles de capacitaci\u00f3n y m\u00e1s de veinte a\u00f1os de experiencia.","potentialAction":[{"@type":"SearchAction","target":{"@type":"EntryPoint","urlTemplate":"https:\/\/arvengengineering.com\/?s={search_term_string}"},"query-input":{"@type":"PropertyValueSpecification","valueRequired":true,"valueName":"search_term_string"}}],"inLanguage":"en-US"}]}},"_links":{"self":[{"href":"https:\/\/arvengengineering.com\/en\/wp-json\/wp\/v2\/pages\/3094","targetHints":{"allow":["GET"]}}],"collection":[{"href":"https:\/\/arvengengineering.com\/en\/wp-json\/wp\/v2\/pages"}],"about":[{"href":"https:\/\/arvengengineering.com\/en\/wp-json\/wp\/v2\/types\/page"}],"author":[{"embeddable":true,"href":"https:\/\/arvengengineering.com\/en\/wp-json\/wp\/v2\/users\/1"}],"replies":[{"embeddable":true,"href":"https:\/\/arvengengineering.com\/en\/wp-json\/wp\/v2\/comments?post=3094"}],"version-history":[{"count":0,"href":"https:\/\/arvengengineering.com\/en\/wp-json\/wp\/v2\/pages\/3094\/revisions"}],"wp:attachment":[{"href":"https:\/\/arvengengineering.com\/en\/wp-json\/wp\/v2\/media?parent=3094"}],"curies":[{"name":"wp","href":"https:\/\/api.w.org\/{rel}","templated":true}]}}